{"id":6356,"date":"2026-01-12T14:49:55","date_gmt":"2026-01-12T13:49:55","guid":{"rendered":"https:\/\/goldcitydental.com\/?page_id=6356"},"modified":"2026-01-12T14:53:35","modified_gmt":"2026-01-12T13:53:35","slug":"kvkk","status":"publish","type":"page","link":"https:\/\/goldcitydental.com\/tr\/kvkk\/","title":{"rendered":"KVKK"},"content":{"rendered":"<div data-elementor-type=\"wp-page\" data-elementor-id=\"6356\" class=\"elementor elementor-6356\" data-elementor-post-type=\"page\">\n\t\t\t\t<div class=\"elementor-element elementor-element-83309d5 e-flex e-con-boxed e-con e-parent\" data-id=\"83309d5\" data-element_type=\"container\" data-e-type=\"container\">\n\t\t\t\t\t<div class=\"e-con-inner\">\n\t\t<div class=\"elementor-element elementor-element-16c9692 e-con-full e-flex e-con e-child\" data-id=\"16c9692\" data-element_type=\"container\" data-e-type=\"container\">\n\t\t\t\t<div class=\"elementor-element elementor-element-f5acb1f elementor-widget elementor-widget-text-editor\" data-id=\"f5acb1f\" data-element_type=\"widget\" data-e-type=\"widget\" data-widget_type=\"text-editor.default\">\n\t\t\t\t\t\t\t\t\t<h2 data-path-to-node=\"2\">Gizlilik Bildirimi<\/h2><h3 data-path-to-node=\"3\">Giri\u015f<\/h3><p data-path-to-node=\"4\">Gold City Hair (bundan b\u00f6yle <b data-path-to-node=\"4\" data-index-in-node=\"29\">\u201cbiz\u201d<\/b>, <b data-path-to-node=\"4\" data-index-in-node=\"36\">\u201cbize\u201d<\/b> veya <b data-path-to-node=\"4\" data-index-in-node=\"48\">\u201cbizim\u201d<\/b> olarak an\u0131lacakt\u0131r), ki\u015fisel verilerinizin korunmas\u0131na b\u00fcy\u00fck \u00f6nem vermektedir. Bu gizlilik bildirimi; ki\u015fisel verilerinizi nas\u0131l toplad\u0131\u011f\u0131m\u0131z\u0131, kulland\u0131\u011f\u0131m\u0131z\u0131, payla\u015ft\u0131\u011f\u0131m\u0131z\u0131 ve korudu\u011fumuzu a\u00e7\u0131klamaktad\u0131r. Bu politika, Genel Veri Koruma Y\u00f6netmeli\u011fi (GDPR\/AVG) ve Hollanda mevzuat\u0131na uygun olarak haz\u0131rlanm\u0131\u015ft\u0131r.<\/p><h3 data-path-to-node=\"5\">1. Toplad\u0131\u011f\u0131m\u0131z Veriler<\/h3><p data-path-to-node=\"6\">Sa\u00e7 ekimi hizmetlerimiz kapsam\u0131nda a\u015fa\u011f\u0131daki ki\u015fisel verileri toplayabiliriz:<\/p><ul data-path-to-node=\"7\"><li><p data-path-to-node=\"7,0,0\">Ad ve Soyad<\/p><\/li><li><p data-path-to-node=\"7,1,0\">E-posta adresi<\/p><\/li><li><p data-path-to-node=\"7,2,0\">Telefon numaras\u0131<\/p><\/li><li><p data-path-to-node=\"7,3,0\">Adres<\/p><\/li><li><p data-path-to-node=\"7,4,0\">T\u0131bbi ge\u00e7mi\u015f (sa\u00e7 ekimi i\u00e7in gerekli olan sa\u011fl\u0131k bilgileri)<\/p><\/li><li><p data-path-to-node=\"7,5,0\">Kons\u00fcltasyon s\u00fcreci s\u0131ras\u0131nda elde edilen di\u011fer bilgiler<\/p><\/li><\/ul><h3 data-path-to-node=\"8\">2. Veri \u0130\u015fleme Ama\u00e7lar\u0131<\/h3><p data-path-to-node=\"9\">Toplanan ki\u015fisel verileri a\u015fa\u011f\u0131daki ama\u00e7larla kullanmaktay\u0131z:<\/p><ul data-path-to-node=\"10\"><li><p data-path-to-node=\"10,0,0\">Sizi sa\u00e7 ekimi hizmetlerimiz hakk\u0131nda bilgilendirmek.<\/p><\/li><li><p data-path-to-node=\"10,1,0\">Randevular\u0131 olu\u015fturmak ve onaylamak.<\/p><\/li><li><p data-path-to-node=\"10,2,0\">M\u00fc\u015fteri hizmetleri ve deste\u011fi sa\u011flamak.<\/p><\/li><li><p data-path-to-node=\"10,3,0\">T\u0131bbi kons\u00fcltasyon ve takip s\u00fcre\u00e7lerini y\u00f6netmek.<\/p><\/li><li><p data-path-to-node=\"10,4,0\">Pazarlama faaliyetleri (onay verilmi\u015f olmas\u0131 durumunda).<\/p><\/li><\/ul><h3 data-path-to-node=\"11\">3. Verilerin Payla\u015f\u0131lmas\u0131<\/h3><p data-path-to-node=\"12\">Ki\u015fisel verilerinizi, a\u015fa\u011f\u0131daki durumlar haricinde \u00fc\u00e7\u00fcnc\u00fc \u015fah\u0131slarla payla\u015fmay\u0131z:<\/p><ul data-path-to-node=\"13\"><li><p data-path-to-node=\"13,0,0\">Hizmetlerimizin y\u00fcr\u00fct\u00fclmesi i\u00e7in gerekli oldu\u011funda (\u00f6rne\u011fin t\u0131bbi ekipman tedarik\u00e7ileri ile).<\/p><\/li><li><p data-path-to-node=\"13,1,0\">Verilerinizi payla\u015fmakla yasal olarak y\u00fck\u00fcml\u00fc oldu\u011fumuzda.<\/p><\/li><\/ul><h3 data-path-to-node=\"14\">4. Veri G\u00fcvenli\u011fi<\/h3><p data-path-to-node=\"15\">Ki\u015fisel verilerinizi korumak i\u00e7in uygun teknik ve kurumsal \u00f6nlemleri almaktay\u0131z. Verilerinizi yetkisiz eri\u015fime, kayba veya k\u00f6t\u00fcye kullan\u0131ma kar\u015f\u0131 korumak i\u00e7in gerekli t\u00fcm ad\u0131mlar\u0131 atmaktay\u0131z.<\/p><h3 data-path-to-node=\"16\">5. Haklar\u0131n\u0131z<\/h3><p data-path-to-node=\"17\">Ki\u015fisel verilerinizle ilgili olarak a\u015fa\u011f\u0131daki haklara sahipsiniz:<\/p><ul data-path-to-node=\"18\"><li><p data-path-to-node=\"18,0,0\">Ki\u015fisel verilerinize eri\u015fim talep etmek.<\/p><\/li><li><p data-path-to-node=\"18,1,0\">Hatal\u0131 veya eksik verilerin d\u00fczeltilmesini talep etmek.<\/p><\/li><li><p data-path-to-node=\"18,2,0\">Belirli ko\u015fullar alt\u0131nda verilerinizin silinmesini talep etmek.<\/p><\/li><li><p data-path-to-node=\"18,3,0\">Verilerinizin i\u015flenmesine itiraz etmek.<\/p><\/li><\/ul><h3 data-path-to-node=\"19\">6. Gizlilik Bildiriminde De\u011fi\u015fiklikler<\/h3><p data-path-to-node=\"20\">Bu gizlilik bildirimini zaman zaman g\u00fcncelleme hakk\u0131m\u0131z\u0131 sakl\u0131 tutar\u0131z. \u00d6nemli de\u011fi\u015fiklikler olmas\u0131 durumunda sizi web sitemiz veya e-posta yoluyla bilgilendirece\u011fiz.<\/p><h3 data-path-to-node=\"21\">7. \u0130leti\u015fim Bilgileri<\/h3><p data-path-to-node=\"22\">Bu gizlilik bildirimi hakk\u0131nda sorular\u0131n\u0131z varsa veya ki\u015fisel verilerinize eri\u015fmek isterseniz, bizimle ileti\u015fime ge\u00e7ebilirsiniz.<\/p>\t\t\t\t\t\t\t\t<\/div>\n\t\t\t\t<\/div>\n\t\t\t\t\t<\/div>\n\t\t\t\t<\/div>\n\t\t\t\t<\/div>","protected":false},"excerpt":{"rendered":"<p>Gizlilik Bildirimi Giri\u015f Gold City Hair (bundan b\u00f6yle \u201cbiz\u201d, \u201cbize\u201d veya \u201cbizim\u201d olarak an\u0131lacakt\u0131r), ki\u015fisel verilerinizin korunmas\u0131na b\u00fcy\u00fck \u00f6nem vermektedir. Bu gizlilik bildirimi; ki\u015fisel verilerinizi nas\u0131l toplad\u0131\u011f\u0131m\u0131z\u0131, kulland\u0131\u011f\u0131m\u0131z\u0131, payla\u015ft\u0131\u011f\u0131m\u0131z\u0131 ve korudu\u011fumuzu a\u00e7\u0131klamaktad\u0131r. Bu politika, Genel Veri Koruma Y\u00f6netmeli\u011fi (GDPR\/AVG) ve Hollanda mevzuat\u0131na uygun olarak haz\u0131rlanm\u0131\u015ft\u0131r. 1. Toplad\u0131\u011f\u0131m\u0131z Veriler Sa\u00e7 ekimi hizmetlerimiz kapsam\u0131nda a\u015fa\u011f\u0131daki ki\u015fisel verileri [&hellip;]<\/p>\n","protected":false},"author":4,"featured_media":0,"parent":0,"menu_order":0,"comment_status":"closed","ping_status":"closed","template":"","meta":{"footnotes":""},"class_list":["post-6356","page","type-page","status-publish","hentry"],"_links":{"self":[{"href":"https:\/\/goldcitydental.com\/tr\/wp-json\/wp\/v2\/pages\/6356","targetHints":{"allow":["GET"]}}],"collection":[{"href":"https:\/\/goldcitydental.com\/tr\/wp-json\/wp\/v2\/pages"}],"about":[{"href":"https:\/\/goldcitydental.com\/tr\/wp-json\/wp\/v2\/types\/page"}],"author":[{"embeddable":true,"href":"https:\/\/goldcitydental.com\/tr\/wp-json\/wp\/v2\/users\/4"}],"replies":[{"embeddable":true,"href":"https:\/\/goldcitydental.com\/tr\/wp-json\/wp\/v2\/comments?post=6356"}],"version-history":[{"count":7,"href":"https:\/\/goldcitydental.com\/tr\/wp-json\/wp\/v2\/pages\/6356\/revisions"}],"predecessor-version":[{"id":6365,"href":"https:\/\/goldcitydental.com\/tr\/wp-json\/wp\/v2\/pages\/6356\/revisions\/6365"}],"wp:attachment":[{"href":"https:\/\/goldcitydental.com\/tr\/wp-json\/wp\/v2\/media?parent=6356"}],"curies":[{"name":"wp","href":"https:\/\/api.w.org\/{rel}","templated":true}]}}